{"id":588,"date":"2022-12-05T15:03:25","date_gmt":"2022-12-05T14:03:25","guid":{"rendered":"https:\/\/woliborz.schoolpage.pl\/?page_id=588"},"modified":"2022-12-05T15:05:56","modified_gmt":"2022-12-05T14:05:56","slug":"klauzula-informacyjna-rodo","status":"publish","type":"page","link":"https:\/\/woliborz.schoolpage.pl\/index.php\/klauzula-informacyjna-rodo\/","title":{"rendered":"Klauzula informacyjna RODO"},"content":{"rendered":"\n<p><strong>Dzia\u0142aj\u0105c w oparciu o art. 13 ust. 1 i 2 Rozporz\u0105dzenia Parlamentu Europejskiego i Rady (UE) 2016\/679 z dnia 27 kwietnia 2016 r. w sprawie ochrony os\u00f3b fizycznych w zwi\u0105zku z przetwarzaniem danych osobowych i w sprawie swobodnego przep\u0142ywu takich danych oraz uchylenia dyrektywy 95\/46\/WE (og\u00f3lne rozporz\u0105dzenie o ochronie danych) (Dz. U. UE. L. z 2016 r. Nr 119, str. 1 z p\u00f3\u017an. zm.), zwanego dalej \u201eRODO\u201d, niniejszym informuj\u0119, i\u017c:<\/strong><\/p>\n\n\n\n<p><strong>1)\u00a0<\/strong>Administratorem Pani\/Pana danych osobowych jest Zesp\u00f3\u0142 Przedszkolny w Woliborzu, Wolib\u00f3rz 106, 57-431 Wolib\u00f3rz reprezentowany przez Joann\u0119 Wi\u015bniewsk\u0105 &#8211; dyrektora.<\/p>\n\n\n\n<p><strong>2)\u00a0<\/strong>Administrator powo\u0142a\u0142 Inspektora Ochrony Danych Osobowych, z kt\u00f3rym kontakt mo\u017cna uzyska\u0107 za po\u015brednictwem poczty elektronicznej pod adresem: przedszkole.woliborz@gminanowaruda.pl<\/p>\n\n\n\n<p><strong>3)&nbsp;<\/strong>Pana\/Pani dane osobowe b\u0119d\u0105 wykorzystywane w celu umo\u017cliwienia komunikacji, a zatem wys\u0142ania zapytania za po\u015brednictwem formularza kontaktowego i nast\u0119pnie otrzymania odpowiedzi.<\/p>\n\n\n\n<p><strong>4)&nbsp;<\/strong>Kontaktuj\u0105c si\u0119 z nami za po\u015brednictwem formularza kontaktowego wyra\u017ca Pan\/Pani zgod\u0119 na przetwarzanie danych osobowych w celach, o kt\u00f3rych mowa w punkcie 3., a zatem podstaw\u0105 przetwarzania danych jest art. 6 ust. 1 lit. a). RODO \u2013 zgoda osoby, kt\u00f3rej dane dotycz\u0105.<\/p>\n\n\n\n<p><strong>5) Przys\u0142uguje Pani\/ Panu prawo do wycofania zgody na przetwarzanie danych osobowych w ka\u017cdym czasie, przy czym wycofanie zgody pozostaje bez wp\u0142ywu na zgodno\u015b\u0107 z prawem przetwarzania, kt\u00f3rego dokonano na podstawie tej zgody przed jej wycofaniem.<\/strong><\/p>\n\n\n\n<p><strong>6)&nbsp;<\/strong>Odbiorc\u0105 danych osobowych b\u0119dzie podmiot realizuj\u0105cy hosting strony internetowej. Administrator nie zamierza przekazywa\u0107 danych osobowych do pa\u0144stw trzecich poza obszar EOG, jak r\u00f3wnie\u017c do organizacji mi\u0119dzynarodowych.<\/p>\n\n\n\n<p><strong>7)&nbsp;<\/strong>Dane osobowe przetwarzane do celu wskazanego w punkcie 3. b\u0119d\u0105 przechowywane przez okres trwania korespondencji uzasadniony rodzajem zapytania (jednak nie d\u0142u\u017cej ni\u017c przez okres 3 miesi\u0119cy od daty zako\u0144czenia korespondencji), ewentualnie do czasu wcze\u015bniejszego odwo\u0142ania zgody na przetwarzanie. Po up\u0142ywie tego okresu dane zostan\u0105 usuni\u0119te.<\/p>\n\n\n\n<p><strong>8)&nbsp;<\/strong>Przys\u0142uguje Pani\/Panu prawo:<\/p>\n\n\n\n<ol class=\"wp-block-list\">\n<li>\u017c\u0105dania dost\u0119pu do danych oraz ich sprostowania,<\/li>\n\n\n\n<li>ograniczenia przetwarzania lub usuni\u0119cia danych osobowych,<\/li>\n\n\n\n<li>przeniesienia danych osobowych,<\/li>\n\n\n\n<li>zg\u0142oszenia skargi do Prezesa Urz\u0119du Ochrony Danych Osobowych w razie dopuszczenia si\u0119 przez Administratora naruszenia obowi\u0105zk\u00f3w z zakresu ochrony danych osobowych.<\/li>\n<\/ol>\n\n\n\n<p><strong>9)&nbsp;<\/strong>Podanie przez Pana\/Pani\u0105 danych osobowych jest dobrowolne. Konsekwencj\u0105 niepodania danych osobowych jest niemo\u017cno\u015b\u0107 komunikacji za po\u015brednictwem formularza kontaktowego.<\/p>\n\n\n\n<p><strong>10)&nbsp;<\/strong>Administrator nie stosuje zautomatyzowanego podejmowania decyzji, w tym profilowania.<\/p>\n","protected":false},"excerpt":{"rendered":"<p>Dzia\u0142aj\u0105c w oparciu o art. 13 ust. 1 i 2 Rozporz\u0105dzenia Parlamentu Europejskiego i Rady (UE) 2016\/679 z dnia 27 kwietnia 2016 r. w sprawie ochrony os\u00f3b fizycznych w zwi\u0105zku z przetwarzaniem danych osobowych i w sprawie swobodnego przep\u0142ywu takich<\/p>\n","protected":false},"author":1,"featured_media":0,"parent":0,"menu_order":0,"comment_status":"closed","ping_status":"closed","template":"","meta":{"footnotes":""},"class_list":["post-588","page","type-page","status-publish","hentry"],"yoast_head":"<!-- This site is optimized with the Yoast SEO plugin v27.3 - https:\/\/yoast.com\/product\/yoast-seo-wordpress\/ -->\n<title>Klauzula informacyjna RODO - Zesp\u00f3\u0142 Przedszkolny w Woliborzu<\/title>\n<meta name=\"robots\" content=\"index, follow, max-snippet:-1, max-image-preview:large, max-video-preview:-1\" \/>\n<link rel=\"canonical\" href=\"https:\/\/woliborz.schoolpage.pl\/index.php\/klauzula-informacyjna-rodo\/\" \/>\n<meta property=\"og:locale\" content=\"pl_PL\" \/>\n<meta property=\"og:type\" content=\"article\" \/>\n<meta property=\"og:title\" content=\"Klauzula informacyjna RODO - Zesp\u00f3\u0142 Przedszkolny w Woliborzu\" \/>\n<meta property=\"og:description\" content=\"Dzia\u0142aj\u0105c w oparciu o art. 13 ust. 1 i 2 Rozporz\u0105dzenia Parlamentu Europejskiego i Rady (UE) 2016\/679 z dnia 27 kwietnia 2016 r. w sprawie ochrony os\u00f3b fizycznych w zwi\u0105zku z przetwarzaniem danych osobowych i w sprawie swobodnego przep\u0142ywu takich\" \/>\n<meta property=\"og:url\" content=\"https:\/\/woliborz.schoolpage.pl\/index.php\/klauzula-informacyjna-rodo\/\" \/>\n<meta property=\"og:site_name\" content=\"Zesp\u00f3\u0142 Przedszkolny w Woliborzu\" \/>\n<meta property=\"article:modified_time\" content=\"2022-12-05T14:05:56+00:00\" \/>\n<meta name=\"twitter:card\" content=\"summary_large_image\" \/>\n<meta name=\"twitter:label1\" content=\"Szacowany czas czytania\" \/>\n\t<meta name=\"twitter:data1\" content=\"3 minuty\" \/>\n<script type=\"application\/ld+json\" class=\"yoast-schema-graph\">{\"@context\":\"https:\\\/\\\/schema.org\",\"@graph\":[{\"@type\":\"WebPage\",\"@id\":\"https:\\\/\\\/woliborz.schoolpage.pl\\\/index.php\\\/klauzula-informacyjna-rodo\\\/\",\"url\":\"https:\\\/\\\/woliborz.schoolpage.pl\\\/index.php\\\/klauzula-informacyjna-rodo\\\/\",\"name\":\"Klauzula informacyjna RODO - Zesp\u00f3\u0142 Przedszkolny w Woliborzu\",\"isPartOf\":{\"@id\":\"https:\\\/\\\/woliborz.schoolpage.pl\\\/#website\"},\"datePublished\":\"2022-12-05T14:03:25+00:00\",\"dateModified\":\"2022-12-05T14:05:56+00:00\",\"breadcrumb\":{\"@id\":\"https:\\\/\\\/woliborz.schoolpage.pl\\\/index.php\\\/klauzula-informacyjna-rodo\\\/#breadcrumb\"},\"inLanguage\":\"pl-PL\",\"potentialAction\":[{\"@type\":\"ReadAction\",\"target\":[\"https:\\\/\\\/woliborz.schoolpage.pl\\\/index.php\\\/klauzula-informacyjna-rodo\\\/\"]}]},{\"@type\":\"BreadcrumbList\",\"@id\":\"https:\\\/\\\/woliborz.schoolpage.pl\\\/index.php\\\/klauzula-informacyjna-rodo\\\/#breadcrumb\",\"itemListElement\":[{\"@type\":\"ListItem\",\"position\":1,\"name\":\"Strona g\u0142\u00f3wna\",\"item\":\"https:\\\/\\\/woliborz.schoolpage.pl\\\/\"},{\"@type\":\"ListItem\",\"position\":2,\"name\":\"Klauzula informacyjna RODO\"}]},{\"@type\":\"WebSite\",\"@id\":\"https:\\\/\\\/woliborz.schoolpage.pl\\\/#website\",\"url\":\"https:\\\/\\\/woliborz.schoolpage.pl\\\/\",\"name\":\"Zesp\u00f3\u0142 Przedszkolny w Woliborzu\",\"description\":\"Wolib\u00f3rz 106, 57-431 Wolib\u00f3rz\",\"potentialAction\":[{\"@type\":\"SearchAction\",\"target\":{\"@type\":\"EntryPoint\",\"urlTemplate\":\"https:\\\/\\\/woliborz.schoolpage.pl\\\/?s={search_term_string}\"},\"query-input\":{\"@type\":\"PropertyValueSpecification\",\"valueRequired\":true,\"valueName\":\"search_term_string\"}}],\"inLanguage\":\"pl-PL\"}]}<\/script>\n<!-- \/ Yoast SEO plugin. -->","yoast_head_json":{"title":"Klauzula informacyjna RODO - Zesp\u00f3\u0142 Przedszkolny w Woliborzu","robots":{"index":"index","follow":"follow","max-snippet":"max-snippet:-1","max-image-preview":"max-image-preview:large","max-video-preview":"max-video-preview:-1"},"canonical":"https:\/\/woliborz.schoolpage.pl\/index.php\/klauzula-informacyjna-rodo\/","og_locale":"pl_PL","og_type":"article","og_title":"Klauzula informacyjna RODO - Zesp\u00f3\u0142 Przedszkolny w Woliborzu","og_description":"Dzia\u0142aj\u0105c w oparciu o art. 13 ust. 1 i 2 Rozporz\u0105dzenia Parlamentu Europejskiego i Rady (UE) 2016\/679 z dnia 27 kwietnia 2016 r. w sprawie ochrony os\u00f3b fizycznych w zwi\u0105zku z przetwarzaniem danych osobowych i w sprawie swobodnego przep\u0142ywu takich","og_url":"https:\/\/woliborz.schoolpage.pl\/index.php\/klauzula-informacyjna-rodo\/","og_site_name":"Zesp\u00f3\u0142 Przedszkolny w Woliborzu","article_modified_time":"2022-12-05T14:05:56+00:00","twitter_card":"summary_large_image","twitter_misc":{"Szacowany czas czytania":"3 minuty"},"schema":{"@context":"https:\/\/schema.org","@graph":[{"@type":"WebPage","@id":"https:\/\/woliborz.schoolpage.pl\/index.php\/klauzula-informacyjna-rodo\/","url":"https:\/\/woliborz.schoolpage.pl\/index.php\/klauzula-informacyjna-rodo\/","name":"Klauzula informacyjna RODO - Zesp\u00f3\u0142 Przedszkolny w Woliborzu","isPartOf":{"@id":"https:\/\/woliborz.schoolpage.pl\/#website"},"datePublished":"2022-12-05T14:03:25+00:00","dateModified":"2022-12-05T14:05:56+00:00","breadcrumb":{"@id":"https:\/\/woliborz.schoolpage.pl\/index.php\/klauzula-informacyjna-rodo\/#breadcrumb"},"inLanguage":"pl-PL","potentialAction":[{"@type":"ReadAction","target":["https:\/\/woliborz.schoolpage.pl\/index.php\/klauzula-informacyjna-rodo\/"]}]},{"@type":"BreadcrumbList","@id":"https:\/\/woliborz.schoolpage.pl\/index.php\/klauzula-informacyjna-rodo\/#breadcrumb","itemListElement":[{"@type":"ListItem","position":1,"name":"Strona g\u0142\u00f3wna","item":"https:\/\/woliborz.schoolpage.pl\/"},{"@type":"ListItem","position":2,"name":"Klauzula informacyjna RODO"}]},{"@type":"WebSite","@id":"https:\/\/woliborz.schoolpage.pl\/#website","url":"https:\/\/woliborz.schoolpage.pl\/","name":"Zesp\u00f3\u0142 Przedszkolny w Woliborzu","description":"Wolib\u00f3rz 106, 57-431 Wolib\u00f3rz","potentialAction":[{"@type":"SearchAction","target":{"@type":"EntryPoint","urlTemplate":"https:\/\/woliborz.schoolpage.pl\/?s={search_term_string}"},"query-input":{"@type":"PropertyValueSpecification","valueRequired":true,"valueName":"search_term_string"}}],"inLanguage":"pl-PL"}]}},"_links":{"self":[{"href":"https:\/\/woliborz.schoolpage.pl\/index.php\/wp-json\/wp\/v2\/pages\/588","targetHints":{"allow":["GET"]}}],"collection":[{"href":"https:\/\/woliborz.schoolpage.pl\/index.php\/wp-json\/wp\/v2\/pages"}],"about":[{"href":"https:\/\/woliborz.schoolpage.pl\/index.php\/wp-json\/wp\/v2\/types\/page"}],"author":[{"embeddable":true,"href":"https:\/\/woliborz.schoolpage.pl\/index.php\/wp-json\/wp\/v2\/users\/1"}],"replies":[{"embeddable":true,"href":"https:\/\/woliborz.schoolpage.pl\/index.php\/wp-json\/wp\/v2\/comments?post=588"}],"version-history":[{"count":2,"href":"https:\/\/woliborz.schoolpage.pl\/index.php\/wp-json\/wp\/v2\/pages\/588\/revisions"}],"predecessor-version":[{"id":591,"href":"https:\/\/woliborz.schoolpage.pl\/index.php\/wp-json\/wp\/v2\/pages\/588\/revisions\/591"}],"wp:attachment":[{"href":"https:\/\/woliborz.schoolpage.pl\/index.php\/wp-json\/wp\/v2\/media?parent=588"}],"curies":[{"name":"wp","href":"https:\/\/api.w.org\/{rel}","templated":true}]}}