{"id":47,"date":"2020-01-30T22:17:15","date_gmt":"2020-01-30T21:17:15","guid":{"rendered":"https:\/\/woliborz.schoolpage.pl\/?page_id=47"},"modified":"2025-12-29T11:20:48","modified_gmt":"2025-12-29T10:20:48","slug":"kadra","status":"publish","type":"page","link":"https:\/\/woliborz.schoolpage.pl\/index.php\/kadra\/","title":{"rendered":"Kadra"},"content":{"rendered":"\n<p class=\"has-text-align-center\"><strong>Dyrektor Zespo\u0142u Przedszkolnego w Woliborzu<\/strong><\/p>\n\n\n\n<p class=\"has-text-align-center\">mgr Joanna Wi\u015bniewska<\/p>\n\n\n\n<p><\/p>\n\n\n\n<p class=\"has-text-align-center\"><strong>Przedszkole w Woliborzu<\/strong><\/p>\n\n\n\n<p class=\"has-text-align-left\">Nauczyciele:<\/p>\n\n\n\n<p>mgr Jolanta \u0141asak<\/p>\n\n\n\n<p>lic Ewelina Kwieci\u0144ska- Chmura<\/p>\n\n\n\n<p>mgr Miros\u0142awa Kossak<\/p>\n\n\n\n<p>mgr Edyta Skrzipczyk<\/p>\n\n\n\n<p class=\"has-text-align-left\">Pracownicy:<\/p>\n\n\n\n<p>Beata Szafraniec- Rak<\/p>\n\n\n\n<p>Ma\u0142gorzata Kleimann<\/p>\n\n\n\n<p>Barbara Majka<\/p>\n\n\n\n<p>Ewelina Zep<\/p>\n\n\n\n<p>Sylwia Karbowska<\/p>\n\n\n\n<p>Edward Kalkowski<\/p>\n\n\n\n<p class=\"has-text-align-center\"><strong>Przedszkole w Przyg\u00f3rzu<\/strong><\/p>\n\n\n\n<p class=\"has-text-align-left\">Nauczyciele:<\/p>\n\n\n\n<p>mgr Ma\u0142gorzata Bieli\u0144ska<\/p>\n\n\n\n<p>mgr Anna K\u0119ska<\/p>\n\n\n\n<p>mgr Anna We\u0142yczko<\/p>\n\n\n\n<p>mgr Miros\u0142awa Kossak<\/p>\n\n\n\n<p class=\"has-text-align-left\">Pracownicy:<\/p>\n\n\n\n<p>Martyna Brusi\u0142o<\/p>\n\n\n\n<p>Ewelina Kachel<\/p>\n\n\n\n<p>Anna Kozio\u0142<\/p>\n\n\n\n<p>Paulina Kami\u0144ska<\/p>\n\n\n\n<p><\/p>\n","protected":false},"excerpt":{"rendered":"<p>Dyrektor Zespo\u0142u Przedszkolnego w Woliborzu mgr Joanna Wi\u015bniewska Przedszkole w Woliborzu Nauczyciele: mgr Jolanta \u0141asak lic Ewelina Kwieci\u0144ska- Chmura mgr Miros\u0142awa Kossak mgr Edyta Skrzipczyk Pracownicy: Beata Szafraniec- Rak Ma\u0142gorzata Kleimann Barbara Majka Ewelina Zep Sylwia Karbowska Edward Kalkowski Przedszkole<\/p>\n","protected":false},"author":1,"featured_media":0,"parent":0,"menu_order":0,"comment_status":"closed","ping_status":"closed","template":"","meta":{"footnotes":""},"class_list":["post-47","page","type-page","status-publish","hentry"],"yoast_head":"<!-- This site is optimized with the Yoast SEO plugin v27.3 - https:\/\/yoast.com\/product\/yoast-seo-wordpress\/ -->\n<title>Kadra - Zesp\u00f3\u0142 Przedszkolny w Woliborzu<\/title>\n<meta name=\"robots\" content=\"index, follow, max-snippet:-1, max-image-preview:large, max-video-preview:-1\" \/>\n<link rel=\"canonical\" href=\"https:\/\/woliborz.schoolpage.pl\/index.php\/kadra\/\" \/>\n<meta property=\"og:locale\" content=\"pl_PL\" \/>\n<meta property=\"og:type\" content=\"article\" \/>\n<meta property=\"og:title\" content=\"Kadra - Zesp\u00f3\u0142 Przedszkolny w Woliborzu\" \/>\n<meta property=\"og:description\" content=\"Dyrektor Zespo\u0142u Przedszkolnego w Woliborzu mgr Joanna Wi\u015bniewska Przedszkole w Woliborzu Nauczyciele: mgr Jolanta \u0141asak lic Ewelina Kwieci\u0144ska- Chmura mgr Miros\u0142awa Kossak mgr Edyta Skrzipczyk Pracownicy: Beata Szafraniec- Rak Ma\u0142gorzata Kleimann Barbara Majka Ewelina Zep Sylwia Karbowska Edward Kalkowski Przedszkole\" \/>\n<meta property=\"og:url\" content=\"https:\/\/woliborz.schoolpage.pl\/index.php\/kadra\/\" \/>\n<meta property=\"og:site_name\" content=\"Zesp\u00f3\u0142 Przedszkolny w Woliborzu\" \/>\n<meta property=\"article:modified_time\" content=\"2025-12-29T10:20:48+00:00\" \/>\n<meta name=\"twitter:card\" content=\"summary_large_image\" \/>\n<meta name=\"twitter:label1\" content=\"Szacowany czas czytania\" \/>\n\t<meta name=\"twitter:data1\" content=\"1 minuta\" \/>\n<script type=\"application\/ld+json\" class=\"yoast-schema-graph\">{\"@context\":\"https:\\\/\\\/schema.org\",\"@graph\":[{\"@type\":\"WebPage\",\"@id\":\"https:\\\/\\\/woliborz.schoolpage.pl\\\/index.php\\\/kadra\\\/\",\"url\":\"https:\\\/\\\/woliborz.schoolpage.pl\\\/index.php\\\/kadra\\\/\",\"name\":\"Kadra - Zesp\u00f3\u0142 Przedszkolny w Woliborzu\",\"isPartOf\":{\"@id\":\"https:\\\/\\\/woliborz.schoolpage.pl\\\/#website\"},\"datePublished\":\"2020-01-30T21:17:15+00:00\",\"dateModified\":\"2025-12-29T10:20:48+00:00\",\"breadcrumb\":{\"@id\":\"https:\\\/\\\/woliborz.schoolpage.pl\\\/index.php\\\/kadra\\\/#breadcrumb\"},\"inLanguage\":\"pl-PL\",\"potentialAction\":[{\"@type\":\"ReadAction\",\"target\":[\"https:\\\/\\\/woliborz.schoolpage.pl\\\/index.php\\\/kadra\\\/\"]}]},{\"@type\":\"BreadcrumbList\",\"@id\":\"https:\\\/\\\/woliborz.schoolpage.pl\\\/index.php\\\/kadra\\\/#breadcrumb\",\"itemListElement\":[{\"@type\":\"ListItem\",\"position\":1,\"name\":\"Strona g\u0142\u00f3wna\",\"item\":\"https:\\\/\\\/woliborz.schoolpage.pl\\\/\"},{\"@type\":\"ListItem\",\"position\":2,\"name\":\"Kadra\"}]},{\"@type\":\"WebSite\",\"@id\":\"https:\\\/\\\/woliborz.schoolpage.pl\\\/#website\",\"url\":\"https:\\\/\\\/woliborz.schoolpage.pl\\\/\",\"name\":\"Zesp\u00f3\u0142 Przedszkolny w Woliborzu\",\"description\":\"Wolib\u00f3rz 106, 57-431 Wolib\u00f3rz\",\"potentialAction\":[{\"@type\":\"SearchAction\",\"target\":{\"@type\":\"EntryPoint\",\"urlTemplate\":\"https:\\\/\\\/woliborz.schoolpage.pl\\\/?s={search_term_string}\"},\"query-input\":{\"@type\":\"PropertyValueSpecification\",\"valueRequired\":true,\"valueName\":\"search_term_string\"}}],\"inLanguage\":\"pl-PL\"}]}<\/script>\n<!-- \/ Yoast SEO plugin. -->","yoast_head_json":{"title":"Kadra - Zesp\u00f3\u0142 Przedszkolny w Woliborzu","robots":{"index":"index","follow":"follow","max-snippet":"max-snippet:-1","max-image-preview":"max-image-preview:large","max-video-preview":"max-video-preview:-1"},"canonical":"https:\/\/woliborz.schoolpage.pl\/index.php\/kadra\/","og_locale":"pl_PL","og_type":"article","og_title":"Kadra - Zesp\u00f3\u0142 Przedszkolny w Woliborzu","og_description":"Dyrektor Zespo\u0142u Przedszkolnego w Woliborzu mgr Joanna Wi\u015bniewska Przedszkole w Woliborzu Nauczyciele: mgr Jolanta \u0141asak lic Ewelina Kwieci\u0144ska- Chmura mgr Miros\u0142awa Kossak mgr Edyta Skrzipczyk Pracownicy: Beata Szafraniec- Rak Ma\u0142gorzata Kleimann Barbara Majka Ewelina Zep Sylwia Karbowska Edward Kalkowski Przedszkole","og_url":"https:\/\/woliborz.schoolpage.pl\/index.php\/kadra\/","og_site_name":"Zesp\u00f3\u0142 Przedszkolny w Woliborzu","article_modified_time":"2025-12-29T10:20:48+00:00","twitter_card":"summary_large_image","twitter_misc":{"Szacowany czas czytania":"1 minuta"},"schema":{"@context":"https:\/\/schema.org","@graph":[{"@type":"WebPage","@id":"https:\/\/woliborz.schoolpage.pl\/index.php\/kadra\/","url":"https:\/\/woliborz.schoolpage.pl\/index.php\/kadra\/","name":"Kadra - Zesp\u00f3\u0142 Przedszkolny w Woliborzu","isPartOf":{"@id":"https:\/\/woliborz.schoolpage.pl\/#website"},"datePublished":"2020-01-30T21:17:15+00:00","dateModified":"2025-12-29T10:20:48+00:00","breadcrumb":{"@id":"https:\/\/woliborz.schoolpage.pl\/index.php\/kadra\/#breadcrumb"},"inLanguage":"pl-PL","potentialAction":[{"@type":"ReadAction","target":["https:\/\/woliborz.schoolpage.pl\/index.php\/kadra\/"]}]},{"@type":"BreadcrumbList","@id":"https:\/\/woliborz.schoolpage.pl\/index.php\/kadra\/#breadcrumb","itemListElement":[{"@type":"ListItem","position":1,"name":"Strona g\u0142\u00f3wna","item":"https:\/\/woliborz.schoolpage.pl\/"},{"@type":"ListItem","position":2,"name":"Kadra"}]},{"@type":"WebSite","@id":"https:\/\/woliborz.schoolpage.pl\/#website","url":"https:\/\/woliborz.schoolpage.pl\/","name":"Zesp\u00f3\u0142 Przedszkolny w Woliborzu","description":"Wolib\u00f3rz 106, 57-431 Wolib\u00f3rz","potentialAction":[{"@type":"SearchAction","target":{"@type":"EntryPoint","urlTemplate":"https:\/\/woliborz.schoolpage.pl\/?s={search_term_string}"},"query-input":{"@type":"PropertyValueSpecification","valueRequired":true,"valueName":"search_term_string"}}],"inLanguage":"pl-PL"}]}},"_links":{"self":[{"href":"https:\/\/woliborz.schoolpage.pl\/index.php\/wp-json\/wp\/v2\/pages\/47","targetHints":{"allow":["GET"]}}],"collection":[{"href":"https:\/\/woliborz.schoolpage.pl\/index.php\/wp-json\/wp\/v2\/pages"}],"about":[{"href":"https:\/\/woliborz.schoolpage.pl\/index.php\/wp-json\/wp\/v2\/types\/page"}],"author":[{"embeddable":true,"href":"https:\/\/woliborz.schoolpage.pl\/index.php\/wp-json\/wp\/v2\/users\/1"}],"replies":[{"embeddable":true,"href":"https:\/\/woliborz.schoolpage.pl\/index.php\/wp-json\/wp\/v2\/comments?post=47"}],"version-history":[{"count":9,"href":"https:\/\/woliborz.schoolpage.pl\/index.php\/wp-json\/wp\/v2\/pages\/47\/revisions"}],"predecessor-version":[{"id":954,"href":"https:\/\/woliborz.schoolpage.pl\/index.php\/wp-json\/wp\/v2\/pages\/47\/revisions\/954"}],"wp:attachment":[{"href":"https:\/\/woliborz.schoolpage.pl\/index.php\/wp-json\/wp\/v2\/media?parent=47"}],"curies":[{"name":"wp","href":"https:\/\/api.w.org\/{rel}","templated":true}]}}