{"id":10,"date":"2020-01-28T16:12:22","date_gmt":"2020-01-28T15:12:22","guid":{"rendered":"https:\/\/woliborz.schoolpage.pl\/?page_id=10"},"modified":"2024-03-20T17:10:57","modified_gmt":"2024-03-20T16:10:57","slug":"kontakt","status":"publish","type":"page","link":"https:\/\/woliborz.schoolpage.pl\/index.php\/kontakt\/","title":{"rendered":"Kontakt"},"content":{"rendered":"\n<p><strong>Zesp\u00f3\u0142 Przedszkolny w Woliborzu<br> Przedszkole Wolib\u00f3rz<\/strong><br> Wolib\u00f3rz 106<br> 57-431 Wolib\u00f3rz<br> tel. 748724759<br> e-mail: przedszkole.woliborz@gmina.nowaruda.pl<br><strong> Przedszkole w Przyg\u00f3rzu<\/strong><br> Przyg\u00f3rze 207A<br> 57431 Wolib\u00f3rz<br> tel. 748722338<br> e-mail: przedszkole.przyg\u00f3rze@gmina.nowaruda.pl<\/p>\n\n\n\n<iframe src=\"https:\/\/www.google.com\/maps\/embed?pb=!1m18!1m12!1m3!1d2533.0372745207833!2d16.545064187918154!3d50.58926049844083!2m3!1f0!2f0!3f0!3m2!1i1024!2i768!4f13.1!3m3!1m2!1s0x470e4756003fa82d%3A0xe8660cee34117adc!2sWolib%C3%B3rz%20106%2C%2057-431%20Wolib%C3%B3rz!5e0!3m2!1spl!2spl!4v1710950995287!5m2!1spl!2spl\" width=\"1300\" height=\"400\" style=\"border:0;\" allowfullscreen=\"\" loading=\"lazy\" referrerpolicy=\"no-referrer-when-downgrade\"><\/iframe>\n\n\n\n<iframe src=\"https:\/\/www.google.com\/maps\/embed?pb=!1m18!1m12!1m3!1d2532.075108679402!2d16.554745176316825!3d50.60714187162246!2m3!1f0!2f0!3f0!3m2!1i1024!2i768!4f13.1!3m3!1m2!1s0x470e4761a913170d%3A0x5a88d59b8872c016!2sPrzyg%C3%B3rze%20207A%2C%2057-431%20Przyg%C3%B3rze!5e0!3m2!1spl!2spl!4v1710951036336!5m2!1spl!2spl\" width=\"1300\" height=\"400\" style=\"border:0;\" allowfullscreen=\"\" loading=\"lazy\" referrerpolicy=\"no-referrer-when-downgrade\"><\/iframe>\n","protected":false},"excerpt":{"rendered":"<p>Zesp\u00f3\u0142 Przedszkolny w Woliborzu Przedszkole Wolib\u00f3rz Wolib\u00f3rz 106 57-431 Wolib\u00f3rz tel. 748724759 e-mail: przedszkole.woliborz@gmina.nowaruda.pl Przedszkole w Przyg\u00f3rzu Przyg\u00f3rze 207A 57431 Wolib\u00f3rz tel. 748722338 e-mail: przedszkole.przyg\u00f3rze@gmina.nowaruda.pl<\/p>\n","protected":false},"author":1,"featured_media":0,"parent":0,"menu_order":0,"comment_status":"closed","ping_status":"closed","template":"page-templates\/contact.php","meta":{"footnotes":""},"class_list":["post-10","page","type-page","status-publish","hentry"],"yoast_head":"<!-- This site is optimized with the Yoast SEO plugin v27.3 - https:\/\/yoast.com\/product\/yoast-seo-wordpress\/ -->\n<title>Kontakt - Zesp\u00f3\u0142 Przedszkolny w Woliborzu<\/title>\n<meta name=\"robots\" content=\"index, follow, max-snippet:-1, max-image-preview:large, max-video-preview:-1\" \/>\n<link rel=\"canonical\" href=\"https:\/\/woliborz.schoolpage.pl\/index.php\/kontakt\/\" \/>\n<meta property=\"og:locale\" content=\"pl_PL\" \/>\n<meta property=\"og:type\" content=\"article\" \/>\n<meta property=\"og:title\" content=\"Kontakt - Zesp\u00f3\u0142 Przedszkolny w Woliborzu\" \/>\n<meta property=\"og:description\" content=\"Zesp\u00f3\u0142 Przedszkolny w Woliborzu Przedszkole Wolib\u00f3rz Wolib\u00f3rz 106 57-431 Wolib\u00f3rz tel. 748724759 e-mail: przedszkole.woliborz@gmina.nowaruda.pl Przedszkole w Przyg\u00f3rzu Przyg\u00f3rze 207A 57431 Wolib\u00f3rz tel. 748722338 e-mail: przedszkole.przyg\u00f3rze@gmina.nowaruda.pl\" \/>\n<meta property=\"og:url\" content=\"https:\/\/woliborz.schoolpage.pl\/index.php\/kontakt\/\" \/>\n<meta property=\"og:site_name\" content=\"Zesp\u00f3\u0142 Przedszkolny w Woliborzu\" \/>\n<meta property=\"article:modified_time\" content=\"2024-03-20T16:10:57+00:00\" \/>\n<meta name=\"twitter:card\" content=\"summary_large_image\" \/>\n<meta name=\"twitter:label1\" content=\"Szacowany czas czytania\" \/>\n\t<meta name=\"twitter:data1\" content=\"1 minuta\" \/>\n<script type=\"application\/ld+json\" class=\"yoast-schema-graph\">{\"@context\":\"https:\\\/\\\/schema.org\",\"@graph\":[{\"@type\":\"WebPage\",\"@id\":\"https:\\\/\\\/woliborz.schoolpage.pl\\\/index.php\\\/kontakt\\\/\",\"url\":\"https:\\\/\\\/woliborz.schoolpage.pl\\\/index.php\\\/kontakt\\\/\",\"name\":\"Kontakt - Zesp\u00f3\u0142 Przedszkolny w Woliborzu\",\"isPartOf\":{\"@id\":\"https:\\\/\\\/woliborz.schoolpage.pl\\\/#website\"},\"datePublished\":\"2020-01-28T15:12:22+00:00\",\"dateModified\":\"2024-03-20T16:10:57+00:00\",\"breadcrumb\":{\"@id\":\"https:\\\/\\\/woliborz.schoolpage.pl\\\/index.php\\\/kontakt\\\/#breadcrumb\"},\"inLanguage\":\"pl-PL\",\"potentialAction\":[{\"@type\":\"ReadAction\",\"target\":[\"https:\\\/\\\/woliborz.schoolpage.pl\\\/index.php\\\/kontakt\\\/\"]}]},{\"@type\":\"BreadcrumbList\",\"@id\":\"https:\\\/\\\/woliborz.schoolpage.pl\\\/index.php\\\/kontakt\\\/#breadcrumb\",\"itemListElement\":[{\"@type\":\"ListItem\",\"position\":1,\"name\":\"Strona g\u0142\u00f3wna\",\"item\":\"https:\\\/\\\/woliborz.schoolpage.pl\\\/\"},{\"@type\":\"ListItem\",\"position\":2,\"name\":\"Kontakt\"}]},{\"@type\":\"WebSite\",\"@id\":\"https:\\\/\\\/woliborz.schoolpage.pl\\\/#website\",\"url\":\"https:\\\/\\\/woliborz.schoolpage.pl\\\/\",\"name\":\"Zesp\u00f3\u0142 Przedszkolny w Woliborzu\",\"description\":\"Wolib\u00f3rz 106, 57-431 Wolib\u00f3rz\",\"potentialAction\":[{\"@type\":\"SearchAction\",\"target\":{\"@type\":\"EntryPoint\",\"urlTemplate\":\"https:\\\/\\\/woliborz.schoolpage.pl\\\/?s={search_term_string}\"},\"query-input\":{\"@type\":\"PropertyValueSpecification\",\"valueRequired\":true,\"valueName\":\"search_term_string\"}}],\"inLanguage\":\"pl-PL\"}]}<\/script>\n<!-- \/ Yoast SEO plugin. -->","yoast_head_json":{"title":"Kontakt - Zesp\u00f3\u0142 Przedszkolny w Woliborzu","robots":{"index":"index","follow":"follow","max-snippet":"max-snippet:-1","max-image-preview":"max-image-preview:large","max-video-preview":"max-video-preview:-1"},"canonical":"https:\/\/woliborz.schoolpage.pl\/index.php\/kontakt\/","og_locale":"pl_PL","og_type":"article","og_title":"Kontakt - Zesp\u00f3\u0142 Przedszkolny w Woliborzu","og_description":"Zesp\u00f3\u0142 Przedszkolny w Woliborzu Przedszkole Wolib\u00f3rz Wolib\u00f3rz 106 57-431 Wolib\u00f3rz tel. 748724759 e-mail: przedszkole.woliborz@gmina.nowaruda.pl Przedszkole w Przyg\u00f3rzu Przyg\u00f3rze 207A 57431 Wolib\u00f3rz tel. 748722338 e-mail: przedszkole.przyg\u00f3rze@gmina.nowaruda.pl","og_url":"https:\/\/woliborz.schoolpage.pl\/index.php\/kontakt\/","og_site_name":"Zesp\u00f3\u0142 Przedszkolny w Woliborzu","article_modified_time":"2024-03-20T16:10:57+00:00","twitter_card":"summary_large_image","twitter_misc":{"Szacowany czas czytania":"1 minuta"},"schema":{"@context":"https:\/\/schema.org","@graph":[{"@type":"WebPage","@id":"https:\/\/woliborz.schoolpage.pl\/index.php\/kontakt\/","url":"https:\/\/woliborz.schoolpage.pl\/index.php\/kontakt\/","name":"Kontakt - Zesp\u00f3\u0142 Przedszkolny w Woliborzu","isPartOf":{"@id":"https:\/\/woliborz.schoolpage.pl\/#website"},"datePublished":"2020-01-28T15:12:22+00:00","dateModified":"2024-03-20T16:10:57+00:00","breadcrumb":{"@id":"https:\/\/woliborz.schoolpage.pl\/index.php\/kontakt\/#breadcrumb"},"inLanguage":"pl-PL","potentialAction":[{"@type":"ReadAction","target":["https:\/\/woliborz.schoolpage.pl\/index.php\/kontakt\/"]}]},{"@type":"BreadcrumbList","@id":"https:\/\/woliborz.schoolpage.pl\/index.php\/kontakt\/#breadcrumb","itemListElement":[{"@type":"ListItem","position":1,"name":"Strona g\u0142\u00f3wna","item":"https:\/\/woliborz.schoolpage.pl\/"},{"@type":"ListItem","position":2,"name":"Kontakt"}]},{"@type":"WebSite","@id":"https:\/\/woliborz.schoolpage.pl\/#website","url":"https:\/\/woliborz.schoolpage.pl\/","name":"Zesp\u00f3\u0142 Przedszkolny w Woliborzu","description":"Wolib\u00f3rz 106, 57-431 Wolib\u00f3rz","potentialAction":[{"@type":"SearchAction","target":{"@type":"EntryPoint","urlTemplate":"https:\/\/woliborz.schoolpage.pl\/?s={search_term_string}"},"query-input":{"@type":"PropertyValueSpecification","valueRequired":true,"valueName":"search_term_string"}}],"inLanguage":"pl-PL"}]}},"_links":{"self":[{"href":"https:\/\/woliborz.schoolpage.pl\/index.php\/wp-json\/wp\/v2\/pages\/10","targetHints":{"allow":["GET"]}}],"collection":[{"href":"https:\/\/woliborz.schoolpage.pl\/index.php\/wp-json\/wp\/v2\/pages"}],"about":[{"href":"https:\/\/woliborz.schoolpage.pl\/index.php\/wp-json\/wp\/v2\/types\/page"}],"author":[{"embeddable":true,"href":"https:\/\/woliborz.schoolpage.pl\/index.php\/wp-json\/wp\/v2\/users\/1"}],"replies":[{"embeddable":true,"href":"https:\/\/woliborz.schoolpage.pl\/index.php\/wp-json\/wp\/v2\/comments?post=10"}],"version-history":[{"count":6,"href":"https:\/\/woliborz.schoolpage.pl\/index.php\/wp-json\/wp\/v2\/pages\/10\/revisions"}],"predecessor-version":[{"id":770,"href":"https:\/\/woliborz.schoolpage.pl\/index.php\/wp-json\/wp\/v2\/pages\/10\/revisions\/770"}],"wp:attachment":[{"href":"https:\/\/woliborz.schoolpage.pl\/index.php\/wp-json\/wp\/v2\/media?parent=10"}],"curies":[{"name":"wp","href":"https:\/\/api.w.org\/{rel}","templated":true}]}}